{"id":287,"date":"2026-02-14T15:38:55","date_gmt":"2026-02-14T15:38:55","guid":{"rendered":"https:\/\/krocketbornholm.dk\/?page_id=287"},"modified":"2026-02-14T16:03:59","modified_gmt":"2026-02-14T16:03:59","slug":"jeg-savner-en-makker","status":"publish","type":"page","link":"https:\/\/krocketbornholm.dk\/index.php\/jeg-savner-en-makker\/","title":{"rendered":"Jeg savner en makker"},"content":{"rendered":"<p>Hvis du gerne vil deltage i \u00d8stmesterskabet 2026, men ikke har fundet en makker endnu, vil vi gerne v\u00e6re behj\u00e6lpelig med at finde en makker til dig. Skriv dit navn, din klub, din klassificering, tlf.nr. og mail til <a href=\"mailto:krocketbornholm@gmail.com\">krocketbornholm@gmail.com<\/a> og du vil blive tilf\u00f8jet p\u00e5 listen nedenunder.<\/p>\n<p>Se p\u00e5 listen nedenunder om der er \u00e9n, der allerede matcher dig.<\/p>\n\n\n<div class=\"wp-block-columns is-layout-flex wp-container-core-columns-is-layout-28f84493 wp-block-columns-is-layout-flex\">\n<div class=\"wp-block-column is-layout-flow wp-block-column-is-layout-flow\">\n<p style=\"border-width:1px\">Britta Sj\u00f8str\u00f8m, Nex\u00f8 Krocketklub, <strong>A1<\/strong>, 60826830, britta.sjostrom@gmail.com<\/p>\n\n\n\n<p style=\"border-width:1px\">Mogens Olsen, Nex\u00f8 Krocketklub, <strong>A1<\/strong>, 22946888, tingfinder.olsen@gmail.com<\/p>\n<\/div>\n<\/div>\n\n\n\n<p><\/p>\n","protected":false},"excerpt":{"rendered":"<p>Hvis du gerne vil deltage i \u00d8stmesterskabet 2026, men ikke har fundet en makker endnu, vil vi gerne v\u00e6re behj\u00e6lpelig med at finde en makker til dig. Skriv dit navn, [&hellip;]<\/p>\n","protected":false},"author":1,"featured_media":0,"parent":0,"menu_order":0,"comment_status":"closed","ping_status":"closed","template":"","meta":{"_EventAllDay":false,"_EventTimezone":"","_EventStartDate":"","_EventEndDate":"","_EventStartDateUTC":"","_EventEndDateUTC":"","_EventShowMap":false,"_EventShowMapLink":false,"_EventURL":"","_EventCost":"","_EventCostDescription":"","_EventCurrencySymbol":"","_EventCurrencyCode":"","_EventCurrencyPosition":"","_EventDateTimeSeparator":"","_EventTimeRangeSeparator":"","_EventOrganizerID":[],"_EventVenueID":[],"_OrganizerEmail":"","_OrganizerPhone":"","_OrganizerWebsite":"","_VenueAddress":"","_VenueCity":"","_VenueCountry":"","_VenueProvince":"","_VenueState":"","_VenueZip":"","_VenuePhone":"","_VenueURL":"","_VenueStateProvince":"","_VenueLat":"","_VenueLng":"","_VenueShowMap":false,"_VenueShowMapLink":false,"footnotes":""},"class_list":["post-287","page","type-page","status-publish","hentry"],"yoast_head":"<!-- This site is optimized with the Yoast SEO plugin v27.4 - https:\/\/yoast.com\/product\/yoast-seo-wordpress\/ -->\n<title>Jeg savner en makker - Krocket Bornholm<\/title>\n<meta name=\"robots\" content=\"index, follow, max-snippet:-1, max-image-preview:large, max-video-preview:-1\" \/>\n<link rel=\"canonical\" href=\"https:\/\/krocketbornholm.dk\/index.php\/jeg-savner-en-makker\/\" \/>\n<meta property=\"og:locale\" content=\"da_DK\" \/>\n<meta property=\"og:type\" content=\"article\" \/>\n<meta property=\"og:title\" content=\"Jeg savner en makker - Krocket Bornholm\" \/>\n<meta property=\"og:description\" content=\"Hvis du gerne vil deltage i \u00d8stmesterskabet 2026, men ikke har fundet en makker endnu, vil vi gerne v\u00e6re behj\u00e6lpelig med at finde en makker til dig. Skriv dit navn, [&hellip;]\" \/>\n<meta property=\"og:url\" content=\"https:\/\/krocketbornholm.dk\/index.php\/jeg-savner-en-makker\/\" \/>\n<meta property=\"og:site_name\" content=\"Krocket Bornholm\" \/>\n<meta property=\"article:modified_time\" content=\"2026-02-14T16:03:59+00:00\" \/>\n<meta name=\"twitter:card\" content=\"summary_large_image\" \/>\n<meta name=\"twitter:label1\" content=\"Estimeret l\u00e6setid\" \/>\n\t<meta name=\"twitter:data1\" content=\"1 minut\" \/>\n<script type=\"application\/ld+json\" class=\"yoast-schema-graph\">{\"@context\":\"https:\\\/\\\/schema.org\",\"@graph\":[{\"@type\":\"WebPage\",\"@id\":\"https:\\\/\\\/krocketbornholm.dk\\\/index.php\\\/jeg-savner-en-makker\\\/\",\"url\":\"https:\\\/\\\/krocketbornholm.dk\\\/index.php\\\/jeg-savner-en-makker\\\/\",\"name\":\"Jeg savner en makker - Krocket Bornholm\",\"isPartOf\":{\"@id\":\"https:\\\/\\\/krocketbornholm.dk\\\/#website\"},\"datePublished\":\"2026-02-14T15:38:55+00:00\",\"dateModified\":\"2026-02-14T16:03:59+00:00\",\"breadcrumb\":{\"@id\":\"https:\\\/\\\/krocketbornholm.dk\\\/index.php\\\/jeg-savner-en-makker\\\/#breadcrumb\"},\"inLanguage\":\"da-DK\",\"potentialAction\":[{\"@type\":\"ReadAction\",\"target\":[\"https:\\\/\\\/krocketbornholm.dk\\\/index.php\\\/jeg-savner-en-makker\\\/\"]}]},{\"@type\":\"BreadcrumbList\",\"@id\":\"https:\\\/\\\/krocketbornholm.dk\\\/index.php\\\/jeg-savner-en-makker\\\/#breadcrumb\",\"itemListElement\":[{\"@type\":\"ListItem\",\"position\":1,\"name\":\"Hjem\",\"item\":\"https:\\\/\\\/krocketbornholm.dk\\\/\"},{\"@type\":\"ListItem\",\"position\":2,\"name\":\"Jeg savner en makker\"}]},{\"@type\":\"WebSite\",\"@id\":\"https:\\\/\\\/krocketbornholm.dk\\\/#website\",\"url\":\"https:\\\/\\\/krocketbornholm.dk\\\/\",\"name\":\"Krocket Bornholm\",\"description\":\"\",\"publisher\":{\"@id\":\"https:\\\/\\\/krocketbornholm.dk\\\/#organization\"},\"potentialAction\":[{\"@type\":\"SearchAction\",\"target\":{\"@type\":\"EntryPoint\",\"urlTemplate\":\"https:\\\/\\\/krocketbornholm.dk\\\/?s={search_term_string}\"},\"query-input\":{\"@type\":\"PropertyValueSpecification\",\"valueRequired\":true,\"valueName\":\"search_term_string\"}}],\"inLanguage\":\"da-DK\"},{\"@type\":\"Organization\",\"@id\":\"https:\\\/\\\/krocketbornholm.dk\\\/#organization\",\"name\":\"Krocket Bornholm\",\"url\":\"https:\\\/\\\/krocketbornholm.dk\\\/\",\"logo\":{\"@type\":\"ImageObject\",\"inLanguage\":\"da-DK\",\"@id\":\"https:\\\/\\\/krocketbornholm.dk\\\/#\\\/schema\\\/logo\\\/image\\\/\",\"url\":\"https:\\\/\\\/krocketbornholm.dk\\\/wp-content\\\/uploads\\\/2024\\\/08\\\/Kort_over_Bornholm-2.jpg\",\"contentUrl\":\"https:\\\/\\\/krocketbornholm.dk\\\/wp-content\\\/uploads\\\/2024\\\/08\\\/Kort_over_Bornholm-2.jpg\",\"width\":1232,\"height\":1272,\"caption\":\"Krocket Bornholm\"},\"image\":{\"@id\":\"https:\\\/\\\/krocketbornholm.dk\\\/#\\\/schema\\\/logo\\\/image\\\/\"}}]}<\/script>\n<!-- \/ Yoast SEO plugin. -->","yoast_head_json":{"title":"Jeg savner en makker - Krocket Bornholm","robots":{"index":"index","follow":"follow","max-snippet":"max-snippet:-1","max-image-preview":"max-image-preview:large","max-video-preview":"max-video-preview:-1"},"canonical":"https:\/\/krocketbornholm.dk\/index.php\/jeg-savner-en-makker\/","og_locale":"da_DK","og_type":"article","og_title":"Jeg savner en makker - Krocket Bornholm","og_description":"Hvis du gerne vil deltage i \u00d8stmesterskabet 2026, men ikke har fundet en makker endnu, vil vi gerne v\u00e6re behj\u00e6lpelig med at finde en makker til dig. Skriv dit navn, [&hellip;]","og_url":"https:\/\/krocketbornholm.dk\/index.php\/jeg-savner-en-makker\/","og_site_name":"Krocket Bornholm","article_modified_time":"2026-02-14T16:03:59+00:00","twitter_card":"summary_large_image","twitter_misc":{"Estimeret l\u00e6setid":"1 minut"},"schema":{"@context":"https:\/\/schema.org","@graph":[{"@type":"WebPage","@id":"https:\/\/krocketbornholm.dk\/index.php\/jeg-savner-en-makker\/","url":"https:\/\/krocketbornholm.dk\/index.php\/jeg-savner-en-makker\/","name":"Jeg savner en makker - Krocket Bornholm","isPartOf":{"@id":"https:\/\/krocketbornholm.dk\/#website"},"datePublished":"2026-02-14T15:38:55+00:00","dateModified":"2026-02-14T16:03:59+00:00","breadcrumb":{"@id":"https:\/\/krocketbornholm.dk\/index.php\/jeg-savner-en-makker\/#breadcrumb"},"inLanguage":"da-DK","potentialAction":[{"@type":"ReadAction","target":["https:\/\/krocketbornholm.dk\/index.php\/jeg-savner-en-makker\/"]}]},{"@type":"BreadcrumbList","@id":"https:\/\/krocketbornholm.dk\/index.php\/jeg-savner-en-makker\/#breadcrumb","itemListElement":[{"@type":"ListItem","position":1,"name":"Hjem","item":"https:\/\/krocketbornholm.dk\/"},{"@type":"ListItem","position":2,"name":"Jeg savner en makker"}]},{"@type":"WebSite","@id":"https:\/\/krocketbornholm.dk\/#website","url":"https:\/\/krocketbornholm.dk\/","name":"Krocket Bornholm","description":"","publisher":{"@id":"https:\/\/krocketbornholm.dk\/#organization"},"potentialAction":[{"@type":"SearchAction","target":{"@type":"EntryPoint","urlTemplate":"https:\/\/krocketbornholm.dk\/?s={search_term_string}"},"query-input":{"@type":"PropertyValueSpecification","valueRequired":true,"valueName":"search_term_string"}}],"inLanguage":"da-DK"},{"@type":"Organization","@id":"https:\/\/krocketbornholm.dk\/#organization","name":"Krocket Bornholm","url":"https:\/\/krocketbornholm.dk\/","logo":{"@type":"ImageObject","inLanguage":"da-DK","@id":"https:\/\/krocketbornholm.dk\/#\/schema\/logo\/image\/","url":"https:\/\/krocketbornholm.dk\/wp-content\/uploads\/2024\/08\/Kort_over_Bornholm-2.jpg","contentUrl":"https:\/\/krocketbornholm.dk\/wp-content\/uploads\/2024\/08\/Kort_over_Bornholm-2.jpg","width":1232,"height":1272,"caption":"Krocket Bornholm"},"image":{"@id":"https:\/\/krocketbornholm.dk\/#\/schema\/logo\/image\/"}}]}},"_links":{"self":[{"href":"https:\/\/krocketbornholm.dk\/index.php\/wp-json\/wp\/v2\/pages\/287","targetHints":{"allow":["GET"]}}],"collection":[{"href":"https:\/\/krocketbornholm.dk\/index.php\/wp-json\/wp\/v2\/pages"}],"about":[{"href":"https:\/\/krocketbornholm.dk\/index.php\/wp-json\/wp\/v2\/types\/page"}],"author":[{"embeddable":true,"href":"https:\/\/krocketbornholm.dk\/index.php\/wp-json\/wp\/v2\/users\/1"}],"replies":[{"embeddable":true,"href":"https:\/\/krocketbornholm.dk\/index.php\/wp-json\/wp\/v2\/comments?post=287"}],"version-history":[{"count":2,"href":"https:\/\/krocketbornholm.dk\/index.php\/wp-json\/wp\/v2\/pages\/287\/revisions"}],"predecessor-version":[{"id":295,"href":"https:\/\/krocketbornholm.dk\/index.php\/wp-json\/wp\/v2\/pages\/287\/revisions\/295"}],"wp:attachment":[{"href":"https:\/\/krocketbornholm.dk\/index.php\/wp-json\/wp\/v2\/media?parent=287"}],"curies":[{"name":"wp","href":"https:\/\/api.w.org\/{rel}","templated":true}]}}